{"id":1758,"date":"2021-02-05T14:31:10","date_gmt":"2021-02-05T13:31:10","guid":{"rendered":"https:\/\/www.loberia.si\/?page_id=1758"},"modified":"2021-02-05T14:31:10","modified_gmt":"2021-02-05T13:31:10","slug":"datenschutzerklaerung","status":"publish","type":"page","link":"https:\/\/www.loberia.si\/de\/datenschutzerklaerung\/","title":{"rendered":"Datenschutzerkl\u00e4rung"},"content":{"rendered":"<p>Diese Datenschutzrichtlinie gilt f\u00fcr alle Nutzer der Website www.loberia.si, einschlie\u00dflich ihrer Unterseiten.<\/p>\n<p>Als Nutzer gilt jede juristische oder nat\u00fcrliche Person, die die Website www.loberia.si nutzt bzw. besucht.<\/p>\n<p>Durch seine Nutzung der Website best\u00e4tigt der Nutzer, dass er mit dieser Datenschutzrichtlinie einverstanden ist.<\/p>\n<p>&nbsp;<\/p>\n<h2>DATENSCHUTZ<\/h2>\n<p>Bei der Loberia d.o.o. respektieren wir Ihre Privatsph\u00e4re und verwenden Ihre personenbezogenen Daten ausschlie\u00dflich f\u00fcr die angegebenen Zwecke. Wir sch\u00fctzen Ihre personenbezogenen Daten sorgf\u00e4ltig gem\u00e4\u00df den geltenden Rechtsvorschriften, die den Schutz personenbezogener Daten regeln (Datenschutz-Grundverordnung und Datenschutzgesetz).<\/p>\n<ol>\n<li><strong>Verantwortlicher und Verarbeiter der personenbezogenen Daten<\/strong><br \/>\nVerantwortlicher und Verarbeiter der personenbezogenen Daten, die gem\u00e4\u00df diesen Regeln verarbeitet werden, ist die LOBERIA d.o.o., Celov\u0161ka cesta 492, 1210 Ljubljana-\u0160entvid.<\/li>\n<li><strong>Erfassung und Verarbeitung Ihrer Daten<\/strong><br \/>\nDie Verarbeitung der personenbezogenen Daten, die Sie freiwillig unseren Diensten zur Verf\u00fcgung stellen oder \u00fcber das Kontaktformular auf der Website \u00fcbermitteln, ist erforderlich, damit wir Ihre Anfragen, Auftr\u00e4ge, Antr\u00e4ge usw. bearbeiten sowie Vertr\u00e4ge erstellen und abschlie\u00dfen k\u00f6nnen.<br \/>\nWir geben Ihre Daten innerhalb der Firma Loberia d.o.o. nur dann weiter, wenn dies der Erf\u00fcllung Ihrer Anfrage\/Ihres Antrags dient oder in Ihrem Interesse erfolgt. Wir sch\u00fctzen die Vertraulichkeit Ihrer Daten und werden diese nicht verkaufen, vermieten oder Dritten zur Verf\u00fcgung stellen.<br \/>\nEine \u00dcbermittlung an staatliche Institutionen und Beh\u00f6rden erfolgt nur im Rahmen der zwingenden nationalen Rechtsvorschriften.<\/li>\n<li><strong>Speicherung personenbezogener Daten<\/strong><br \/>\nDie aufgrund einer Einwilligung erhaltenen personenbezogenen Daten des Nutzers d\u00fcrfen verarbeitet und gespeichert werden, solange hierf\u00fcr ein Zweck besteht, bzw. bis zum Widerruf der erteilten Einwilligung der betreffenden Person. Der Nutzer kann die Einwilligung jederzeit \u00e4ndern oder widerrufen. Aufgrund eines berechtigten Interesses erhobene personenbezogene Daten werden bis zum Widerruf durch den Nutzer gespeichert.<\/li>\n<li><strong>Rechte des Nutzers<\/strong><br \/>\nSie haben das Recht, von der Loberia d.o.o. Informationen \u00fcber Ihre von uns gespeicherten personenbezogenen Daten anzufordern. Dar\u00fcber hinaus haben Sie das Recht zu verlangen, dass die Daten berichtigt oder gel\u00f6scht werden, ihre Verarbeitung eingeschr\u00e4nkt oder eingestellt wird und die gespeicherten Daten in geeigneter Form an Sie oder einen von Ihnen bestimmten Dritten \u00fcbermittelt werden.<\/li>\n<\/ol>\n<p>Wenn Sie den Verdacht haben, dass es bei der Verarbeitung Ihrer Daten zu Verletzungen des Datenschutzrechts kommt, haben Sie auch das Recht, Beschwerde beim Informationsbeauftragten der Republik Slowenien zu erheben.<\/p>\n<p>Fragen zum Schutz personenbezogener Daten und andere Fragen k\u00f6nnen von den Nutzern an die E-Mail-Adresse <a href=\"mailto:info@loberia.si\">info@loberia.si<\/a> gesendet werden.<\/p>\n<p>&nbsp;<\/p>\n<p>02.02.2021<\/p>\n","protected":false},"excerpt":{"rendered":"<p>Diese Datenschutzrichtlinie gilt f\u00fcr alle Nutzer der Website www.loberia.si, einschlie\u00dflich ihrer Unterseiten. Als Nutzer gilt jede juristische oder nat\u00fcrliche Person, die die Website www.loberia.si nutzt bzw. besucht. Durch seine Nutzung der Website best\u00e4tigt&#8230;<\/p>\n","protected":false},"author":1,"featured_media":0,"parent":0,"menu_order":0,"comment_status":"closed","ping_status":"closed","template":"","meta":{"footnotes":""},"class_list":["post-1758","page","type-page","status-publish","hentry"],"yoast_head":"<!-- This site is optimized with the Yoast SEO plugin v26.7 - https:\/\/yoast.com\/wordpress\/plugins\/seo\/ -->\n<title>Datenschutzerkl\u00e4rung - Loberia<\/title>\n<meta name=\"robots\" content=\"index, follow, max-snippet:-1, max-image-preview:large, max-video-preview:-1\" \/>\n<link rel=\"canonical\" href=\"https:\/\/www.loberia.si\/de\/datenschutzerklaerung\/\" \/>\n<meta property=\"og:locale\" content=\"de_DE\" \/>\n<meta property=\"og:type\" content=\"article\" \/>\n<meta property=\"og:title\" content=\"Datenschutzerkl\u00e4rung - Loberia\" \/>\n<meta property=\"og:description\" content=\"Diese Datenschutzrichtlinie gilt f\u00fcr alle Nutzer der Website www.loberia.si, einschlie\u00dflich ihrer Unterseiten. Als Nutzer gilt jede juristische oder nat\u00fcrliche Person, die die Website www.loberia.si nutzt bzw. besucht. Durch seine Nutzung der Website best\u00e4tigt...\" \/>\n<meta property=\"og:url\" content=\"https:\/\/www.loberia.si\/de\/datenschutzerklaerung\/\" \/>\n<meta property=\"og:site_name\" content=\"Loberia\" \/>\n<meta name=\"twitter:card\" content=\"summary_large_image\" \/>\n<meta name=\"twitter:label1\" content=\"Gesch\u00e4tzte Lesezeit\" \/>\n\t<meta name=\"twitter:data1\" content=\"2\u00a0Minuten\" \/>\n<script type=\"application\/ld+json\" class=\"yoast-schema-graph\">{\"@context\":\"https:\/\/schema.org\",\"@graph\":[{\"@type\":\"WebPage\",\"@id\":\"https:\/\/www.loberia.si\/de\/datenschutzerklaerung\/\",\"url\":\"https:\/\/www.loberia.si\/de\/datenschutzerklaerung\/\",\"name\":\"Datenschutzerkl\u00e4rung - Loberia\",\"isPartOf\":{\"@id\":\"https:\/\/www.loberia.si\/#website\"},\"datePublished\":\"2021-02-05T13:31:10+00:00\",\"breadcrumb\":{\"@id\":\"https:\/\/www.loberia.si\/de\/datenschutzerklaerung\/#breadcrumb\"},\"inLanguage\":\"de\",\"potentialAction\":[{\"@type\":\"ReadAction\",\"target\":[\"https:\/\/www.loberia.si\/de\/datenschutzerklaerung\/\"]}]},{\"@type\":\"BreadcrumbList\",\"@id\":\"https:\/\/www.loberia.si\/de\/datenschutzerklaerung\/#breadcrumb\",\"itemListElement\":[{\"@type\":\"ListItem\",\"position\":1,\"name\":\"Home\",\"item\":\"https:\/\/www.loberia.si\/de\/\"},{\"@type\":\"ListItem\",\"position\":2,\"name\":\"Datenschutzerkl\u00e4rung\"}]},{\"@type\":\"WebSite\",\"@id\":\"https:\/\/www.loberia.si\/#website\",\"url\":\"https:\/\/www.loberia.si\/\",\"name\":\"Loberia\",\"description\":\"\",\"publisher\":{\"@id\":\"https:\/\/www.loberia.si\/#organization\"},\"potentialAction\":[{\"@type\":\"SearchAction\",\"target\":{\"@type\":\"EntryPoint\",\"urlTemplate\":\"https:\/\/www.loberia.si\/?s={search_term_string}\"},\"query-input\":{\"@type\":\"PropertyValueSpecification\",\"valueRequired\":true,\"valueName\":\"search_term_string\"}}],\"inLanguage\":\"de\"},{\"@type\":\"Organization\",\"@id\":\"https:\/\/www.loberia.si\/#organization\",\"name\":\"Loberia d.o.o.\",\"url\":\"https:\/\/www.loberia.si\/\",\"logo\":{\"@type\":\"ImageObject\",\"inLanguage\":\"de\",\"@id\":\"https:\/\/www.loberia.si\/#\/schema\/logo\/image\/\",\"url\":\"https:\/\/www.loberia.si\/wp-content\/uploads\/2020\/02\/logo-black.png\",\"contentUrl\":\"https:\/\/www.loberia.si\/wp-content\/uploads\/2020\/02\/logo-black.png\",\"width\":218,\"height\":38,\"caption\":\"Loberia d.o.o.\"},\"image\":{\"@id\":\"https:\/\/www.loberia.si\/#\/schema\/logo\/image\/\"}}]}<\/script>\n<!-- \/ Yoast SEO plugin. -->","yoast_head_json":{"title":"Datenschutzerkl\u00e4rung - Loberia","robots":{"index":"index","follow":"follow","max-snippet":"max-snippet:-1","max-image-preview":"max-image-preview:large","max-video-preview":"max-video-preview:-1"},"canonical":"https:\/\/www.loberia.si\/de\/datenschutzerklaerung\/","og_locale":"de_DE","og_type":"article","og_title":"Datenschutzerkl\u00e4rung - Loberia","og_description":"Diese Datenschutzrichtlinie gilt f\u00fcr alle Nutzer der Website www.loberia.si, einschlie\u00dflich ihrer Unterseiten. Als Nutzer gilt jede juristische oder nat\u00fcrliche Person, die die Website www.loberia.si nutzt bzw. besucht. Durch seine Nutzung der Website best\u00e4tigt...","og_url":"https:\/\/www.loberia.si\/de\/datenschutzerklaerung\/","og_site_name":"Loberia","twitter_card":"summary_large_image","twitter_misc":{"Gesch\u00e4tzte Lesezeit":"2\u00a0Minuten"},"schema":{"@context":"https:\/\/schema.org","@graph":[{"@type":"WebPage","@id":"https:\/\/www.loberia.si\/de\/datenschutzerklaerung\/","url":"https:\/\/www.loberia.si\/de\/datenschutzerklaerung\/","name":"Datenschutzerkl\u00e4rung - Loberia","isPartOf":{"@id":"https:\/\/www.loberia.si\/#website"},"datePublished":"2021-02-05T13:31:10+00:00","breadcrumb":{"@id":"https:\/\/www.loberia.si\/de\/datenschutzerklaerung\/#breadcrumb"},"inLanguage":"de","potentialAction":[{"@type":"ReadAction","target":["https:\/\/www.loberia.si\/de\/datenschutzerklaerung\/"]}]},{"@type":"BreadcrumbList","@id":"https:\/\/www.loberia.si\/de\/datenschutzerklaerung\/#breadcrumb","itemListElement":[{"@type":"ListItem","position":1,"name":"Home","item":"https:\/\/www.loberia.si\/de\/"},{"@type":"ListItem","position":2,"name":"Datenschutzerkl\u00e4rung"}]},{"@type":"WebSite","@id":"https:\/\/www.loberia.si\/#website","url":"https:\/\/www.loberia.si\/","name":"Loberia","description":"","publisher":{"@id":"https:\/\/www.loberia.si\/#organization"},"potentialAction":[{"@type":"SearchAction","target":{"@type":"EntryPoint","urlTemplate":"https:\/\/www.loberia.si\/?s={search_term_string}"},"query-input":{"@type":"PropertyValueSpecification","valueRequired":true,"valueName":"search_term_string"}}],"inLanguage":"de"},{"@type":"Organization","@id":"https:\/\/www.loberia.si\/#organization","name":"Loberia d.o.o.","url":"https:\/\/www.loberia.si\/","logo":{"@type":"ImageObject","inLanguage":"de","@id":"https:\/\/www.loberia.si\/#\/schema\/logo\/image\/","url":"https:\/\/www.loberia.si\/wp-content\/uploads\/2020\/02\/logo-black.png","contentUrl":"https:\/\/www.loberia.si\/wp-content\/uploads\/2020\/02\/logo-black.png","width":218,"height":38,"caption":"Loberia d.o.o."},"image":{"@id":"https:\/\/www.loberia.si\/#\/schema\/logo\/image\/"}}]}},"_links":{"self":[{"href":"https:\/\/www.loberia.si\/de\/wp-json\/wp\/v2\/pages\/1758","targetHints":{"allow":["GET"]}}],"collection":[{"href":"https:\/\/www.loberia.si\/de\/wp-json\/wp\/v2\/pages"}],"about":[{"href":"https:\/\/www.loberia.si\/de\/wp-json\/wp\/v2\/types\/page"}],"author":[{"embeddable":true,"href":"https:\/\/www.loberia.si\/de\/wp-json\/wp\/v2\/users\/1"}],"replies":[{"embeddable":true,"href":"https:\/\/www.loberia.si\/de\/wp-json\/wp\/v2\/comments?post=1758"}],"version-history":[{"count":1,"href":"https:\/\/www.loberia.si\/de\/wp-json\/wp\/v2\/pages\/1758\/revisions"}],"predecessor-version":[{"id":1759,"href":"https:\/\/www.loberia.si\/de\/wp-json\/wp\/v2\/pages\/1758\/revisions\/1759"}],"wp:attachment":[{"href":"https:\/\/www.loberia.si\/de\/wp-json\/wp\/v2\/media?parent=1758"}],"curies":[{"name":"wp","href":"https:\/\/api.w.org\/{rel}","templated":true}]}}