{"id":1617,"date":"2015-11-17T05:09:58","date_gmt":"2015-11-17T05:09:58","guid":{"rendered":"https:\/\/www.loberia.si\/kontakt\/"},"modified":"2026-01-06T16:11:32","modified_gmt":"2026-01-06T15:11:32","slug":"kontakt","status":"publish","type":"page","link":"https:\/\/www.loberia.si\/de\/kontakt\/","title":{"rendered":"Kontakt"},"content":{"rendered":"<div class=\"wpb-content-wrapper\"><p>[vc_row css=&#8220;.vc_custom_1579261297941{margin-bottom: 30px !important;}&#8220;][vc_column offset=&#8220;vc_col-lg-4 vc_col-md-4&#8243; css=&#8220;.vc_custom_1449207085340{margin-bottom: 30px !important;}&#8220;][vc_column_text]<\/p>\n<h2>Kontaktieren Sie uns<\/h2>\n<p>F\u00fcr alle Fragen und zus\u00e4tzlichen Informationen stehen wir Ihnen gerne zur Verf\u00fcgung.[\/vc_column_text][\/vc_column][vc_column offset=&#8220;vc_col-lg-8 vc_col-md-8&#8243; css=&#8220;.vc_custom_1449207088828{margin-bottom: 30px !important;}&#8220;]\n<div class=\"wpcf7 no-js\" id=\"wpcf7-f1613-o1\" lang=\"en-US\" dir=\"ltr\" data-wpcf7-id=\"1613\">\n<div class=\"screen-reader-response\"><p role=\"status\" aria-live=\"polite\" aria-atomic=\"true\"><\/p> <ul><\/ul><\/div>\n<form action=\"\/de\/wp-json\/wp\/v2\/pages\/1617#wpcf7-f1613-o1\" method=\"post\" class=\"wpcf7-form init\" aria-label=\"Contact form\" novalidate=\"novalidate\" data-status=\"init\">\n<fieldset class=\"hidden-fields-container\"><input type=\"hidden\" name=\"_wpcf7\" value=\"1613\" \/><input type=\"hidden\" name=\"_wpcf7_version\" value=\"6.1.4\" \/><input type=\"hidden\" name=\"_wpcf7_locale\" value=\"en_US\" \/><input type=\"hidden\" name=\"_wpcf7_unit_tag\" value=\"wpcf7-f1613-o1\" \/><input type=\"hidden\" name=\"_wpcf7_container_post\" value=\"0\" \/><input type=\"hidden\" name=\"_wpcf7_posted_data_hash\" value=\"\" \/>\n<\/fieldset>\n<div class=\"contact_form\">\n\t<div class=\"row\">\n\t\t<div class=\"col-lg-6 col-md-6 col-sm-12 col-xs-12\">\n\t\t\t<div class=\"input-group\">\n\t\t\t\t<p><span class=\"wpcf7-form-control-wrap\" data-name=\"name12\"><input size=\"40\" maxlength=\"400\" class=\"wpcf7-form-control wpcf7-text wpcf7-validates-as-required\" aria-required=\"true\" aria-invalid=\"false\" placeholder=\"Name *\" value=\"\" type=\"text\" name=\"name12\" \/><\/span>\n\t\t\t\t<\/p>\n\t\t\t<\/div>\n\t\t\t<div class=\"input-group\">\n\t\t\t\t<p><span class=\"wpcf7-form-control-wrap\" data-name=\"email\"><input size=\"40\" maxlength=\"400\" class=\"wpcf7-form-control wpcf7-email wpcf7-validates-as-required wpcf7-text wpcf7-validates-as-email\" aria-required=\"true\" aria-invalid=\"false\" placeholder=\"E-mail *\" value=\"\" type=\"email\" name=\"email\" \/><\/span>\n\t\t\t\t<\/p>\n\t\t\t<\/div>\n\t\t<\/div>\n\t\t<div class=\"col-lg-6 col-md-6 col-sm-12 col-xs-12\">\n\t\t\t<p><span class=\"wpcf7-form-control-wrap\" data-name=\"message\"><textarea cols=\"40\" rows=\"10\" maxlength=\"2000\" class=\"wpcf7-form-control wpcf7-textarea wpcf7-validates-as-required\" aria-required=\"true\" aria-invalid=\"false\" placeholder=\"Nachricht *\" name=\"message\"><\/textarea><\/span>\n\t\t\t<\/p>\n\t\t<\/div>\n\t<\/div>\n\t<div class=\"row\">\n\t\t<div class=\"col-lg-6 col-md-6 col-sm-12 col-xs-12\">\n\t\t<\/div>\n\t\t<div class=\"col-lg-6 col-md-6 col-sm-12 col-xs-12 text-right\">\n\t\t\t<div class=\"input-group\">\n\t\t\t\t<p><button class=\"button icon_right size-sm theme-wpcf7-submit\">SENDEN <i class=\"stm-arrow-next\"><\/i><\/button>\n\t\t\t\t<\/p>\n\t\t\t<\/div>\n\t\t<\/div>\n\t<\/div>\n<\/div><div class=\"wpcf7-response-output\" aria-hidden=\"true\"><\/div>\n<\/form>\n<\/div>\n[\/vc_column][\/vc_row][vc_row css=&#8220;.vc_custom_1579261538354{margin-bottom: 15px !important;}&#8220;][vc_column][vc_column_text]<\/p>\n<h3>LOBERIA, d.o.o., Ljubljana<\/h3>\n<p>Celov\u0161ka cesta 492<br \/>\n1210 Ljubljana \u0160entvid<br \/>\nSlowenien[\/vc_column_text][\/vc_column][\/vc_row][vc_row el_class=&#8220;kontakt&#8220; css=&#8220;.vc_custom_1579261309533{margin-bottom: 30px !important;}&#8220;][vc_column width=&#8220;1\/2&#8243;][vc_column_text css=&#8220;&#8220;]<\/p>\n<table style=\"width: 100%;\" border=\"0\" width=\"100%\">\n<tbody>\n<tr>\n<td style=\"width: 23%;\" width=\"23%\">Telefon:<\/td>\n<td style=\"width: 77%;\" width=\"77%\">+386 (0)1 5000 690<\/td>\n<\/tr>\n<tr>\n<td style=\"width: 23%;\"><\/td>\n<td style=\"width: 77%;\">+386 (0)1 5000 694<\/td>\n<\/tr>\n<tr>\n<td style=\"width: 23%;\"><\/td>\n<td style=\"width: 77%;\">+386 (0)1 5000 695<\/td>\n<\/tr>\n<tr>\n<td style=\"width: 23%;\"><\/td>\n<td style=\"width: 77%;\"><\/td>\n<\/tr>\n<tr>\n<td style=\"width: 23%;\"><\/td>\n<td style=\"width: 77%;\"><\/td>\n<\/tr>\n<tr>\n<td style=\"width: 23%;\">Mobiltelefon:<\/td>\n<td style=\"width: 77%;\">+386 (0)31 373 177<\/td>\n<\/tr>\n<tr>\n<td style=\"width: 23%;\"><\/td>\n<td style=\"width: 77%;\">+386 (0)31 399 499<\/td>\n<\/tr>\n<tr>\n<td style=\"width: 23%;\"><\/td>\n<td style=\"width: 77%;\">+386 (0)41 619 000<\/td>\n<\/tr>\n<tr>\n<td style=\"width: 23%;\"><\/td>\n<td style=\"width: 77%;\"><\/td>\n<\/tr>\n<tr>\n<td style=\"width: 23%;\">Email:<\/td>\n<td style=\"width: 77%;\"><a href=\"mailto:info@loberia.si\">info@loberia.si<\/a><\/td>\n<\/tr>\n<tr>\n<td style=\"width: 23%;\">Arbeitsstunden:<\/td>\n<td style=\"width: 77%;\">Montag \u2013 Freitag von 8.00 bis 16.00 Uhr<\/td>\n<\/tr>\n<\/tbody>\n<\/table>\n<p>[\/vc_column_text][\/vc_column][vc_column width=&#8220;1\/2&#8243; el_class=&#8220;top-mobile-40&#8243;][vc_column_text]Die Gesellschaft ist beim Kreisgericht Ljubljana registriert.<\/p>\n<p>Handelsregisternummer: 1\/24732\/00, Registerbeschluss: SRG 2000\/12774<\/p>\n<p>Stammkapital: 3.881.456 EUR<\/p>\n<p>Umsatzsteuer-ID: SI44897596<\/p>\n<p>Firmennummer: 5809401<\/p>\n<p>Bankkonto: SI56 2900 0000 3136 740[\/vc_column_text][\/vc_column][\/vc_row][vc_row full_width=&#8220;stretch_row_content_no_spaces&#8220;][vc_column][vc_gmaps link=&#8220;#E-8_JTNDaWZyYW1lJTIwc3JjJTNEJTIyaHR0cHMlM0ElMkYlMkZ3d3cuZ29vZ2xlLmNvbSUyRm1hcHMlMkZlbWJlZCUzRnBiJTNEJTIxMW0xOCUyMTFtMTIlMjExbTMlMjExZDM0NzcuNTU5NTM4NzgxODAxJTIxMmQxNC40NTQ2OTMwNDA5NTM2NTklMjEzZDQ2LjEwMzYwMzQ0Njc4NTUxJTIxMm0zJTIxMWYwJTIxMmYwJTIxM2YwJTIxM20yJTIxMWkxMDI0JTIxMmk3NjglMjE0ZjEzLjElMjEzbTMlMjExbTIlMjExczB4NDc3YWNjZmM2MWU3NGIyZiUyNTNBMHgzNDMyN2FlODZlMjZjNmI1JTIxMnNMb2JlcmlhJTI1MkMlMjUyMHRyZ292aW5hJTI1MjBpbiUyNTIwemFzdG9wc3R2byUyNTJDJTI1MjBkLm8uby4lMjUyQyUyNTIwTGp1YmxqYW5hJTIxNWUxJTIxM20yJTIxMXNlbiUyMTJzc2klMjE0djE1Nzk1Mjc2MzM4ODUlMjE1bTIlMjExc2VuJTIxMnNzaSUyMiUyMHdpZHRoJTNEJTIyMTAwJTI1JTIyJTIwaGVpZ2h0JTNEJTIyNjAwJTIyJTIwZnJhbWVib3JkZXIlM0QlMjIwJTIyJTIwc3R5bGUlM0QlMjJib3JkZXIlM0EwJTNCJTIyJTIwYWxsb3dmdWxsc2NyZWVuJTNEJTIyJTIyJTNFJTNDJTJGaWZyYW1lJTNF&#8220;][\/vc_column][\/vc_row]<\/p>\n<\/div>","protected":false},"excerpt":{"rendered":"<p>[vc_row css=&#8220;.vc_custom_1579261297941{margin-bottom: 30px !important;}&#8220;][vc_column offset=&#8220;vc_col-lg-4 vc_col-md-4&#8243; css=&#8220;.vc_custom_1449207085340{margin-bottom: 30px !important;}&#8220;][vc_column_text] Kontaktieren Sie uns F\u00fcr alle Fragen und zus\u00e4tzlichen Informationen stehen wir Ihnen gerne zur Verf\u00fcgung.[\/vc_column_text][\/vc_column][vc_column offset=&#8220;vc_col-lg-8 vc_col-md-8&#8243; css=&#8220;.vc_custom_1449207088828{margin-bottom: 30px !important;}&#8220;][\/vc_column][\/vc_row][vc_row css=&#8220;.vc_custom_1579261538354{margin-bottom: 15px !important;}&#8220;][vc_column][vc_column_text] LOBERIA,&#8230;<\/p>\n","protected":false},"author":1,"featured_media":0,"parent":0,"menu_order":0,"comment_status":"closed","ping_status":"closed","template":"","meta":{"footnotes":""},"class_list":["post-1617","page","type-page","status-publish","hentry"],"yoast_head":"<!-- This site is optimized with the Yoast SEO plugin v26.7 - https:\/\/yoast.com\/wordpress\/plugins\/seo\/ -->\n<title>Kontakt - Loberia<\/title>\n<meta name=\"description\" content=\"F\u00fcr alle Fragen und zus\u00e4tzlichen Informationen stehen wir Ihnen gerne zur Verf\u00fcgung.\" \/>\n<meta name=\"robots\" content=\"index, follow, max-snippet:-1, max-image-preview:large, max-video-preview:-1\" \/>\n<link rel=\"canonical\" href=\"https:\/\/www.loberia.si\/de\/kontakt\/\" \/>\n<meta property=\"og:locale\" content=\"de_DE\" \/>\n<meta property=\"og:type\" content=\"article\" \/>\n<meta property=\"og:title\" content=\"Kontakt - Loberia\" \/>\n<meta property=\"og:description\" content=\"F\u00fcr alle Fragen und zus\u00e4tzlichen Informationen stehen wir Ihnen gerne zur Verf\u00fcgung.\" \/>\n<meta property=\"og:url\" content=\"https:\/\/www.loberia.si\/de\/kontakt\/\" \/>\n<meta property=\"og:site_name\" content=\"Loberia\" \/>\n<meta property=\"article:modified_time\" content=\"2026-01-06T15:11:32+00:00\" \/>\n<meta name=\"twitter:card\" content=\"summary_large_image\" \/>\n<meta name=\"twitter:label1\" content=\"Gesch\u00e4tzte Lesezeit\" \/>\n\t<meta name=\"twitter:data1\" content=\"1\u00a0Minute\" \/>\n<script type=\"application\/ld+json\" class=\"yoast-schema-graph\">{\"@context\":\"https:\/\/schema.org\",\"@graph\":[{\"@type\":\"WebPage\",\"@id\":\"https:\/\/www.loberia.si\/de\/kontakt\/\",\"url\":\"https:\/\/www.loberia.si\/de\/kontakt\/\",\"name\":\"Kontakt - Loberia\",\"isPartOf\":{\"@id\":\"https:\/\/www.loberia.si\/#website\"},\"datePublished\":\"2015-11-17T05:09:58+00:00\",\"dateModified\":\"2026-01-06T15:11:32+00:00\",\"description\":\"F\u00fcr alle Fragen und zus\u00e4tzlichen Informationen stehen wir Ihnen gerne zur Verf\u00fcgung.\",\"breadcrumb\":{\"@id\":\"https:\/\/www.loberia.si\/de\/kontakt\/#breadcrumb\"},\"inLanguage\":\"de\",\"potentialAction\":[{\"@type\":\"ReadAction\",\"target\":[\"https:\/\/www.loberia.si\/de\/kontakt\/\"]}]},{\"@type\":\"BreadcrumbList\",\"@id\":\"https:\/\/www.loberia.si\/de\/kontakt\/#breadcrumb\",\"itemListElement\":[{\"@type\":\"ListItem\",\"position\":1,\"name\":\"Home\",\"item\":\"https:\/\/www.loberia.si\/de\/\"},{\"@type\":\"ListItem\",\"position\":2,\"name\":\"Kontakt\"}]},{\"@type\":\"WebSite\",\"@id\":\"https:\/\/www.loberia.si\/#website\",\"url\":\"https:\/\/www.loberia.si\/\",\"name\":\"Loberia\",\"description\":\"\",\"publisher\":{\"@id\":\"https:\/\/www.loberia.si\/#organization\"},\"potentialAction\":[{\"@type\":\"SearchAction\",\"target\":{\"@type\":\"EntryPoint\",\"urlTemplate\":\"https:\/\/www.loberia.si\/?s={search_term_string}\"},\"query-input\":{\"@type\":\"PropertyValueSpecification\",\"valueRequired\":true,\"valueName\":\"search_term_string\"}}],\"inLanguage\":\"de\"},{\"@type\":\"Organization\",\"@id\":\"https:\/\/www.loberia.si\/#organization\",\"name\":\"Loberia d.o.o.\",\"url\":\"https:\/\/www.loberia.si\/\",\"logo\":{\"@type\":\"ImageObject\",\"inLanguage\":\"de\",\"@id\":\"https:\/\/www.loberia.si\/#\/schema\/logo\/image\/\",\"url\":\"https:\/\/www.loberia.si\/wp-content\/uploads\/2020\/02\/logo-black.png\",\"contentUrl\":\"https:\/\/www.loberia.si\/wp-content\/uploads\/2020\/02\/logo-black.png\",\"width\":218,\"height\":38,\"caption\":\"Loberia d.o.o.\"},\"image\":{\"@id\":\"https:\/\/www.loberia.si\/#\/schema\/logo\/image\/\"}}]}<\/script>\n<!-- \/ Yoast SEO plugin. -->","yoast_head_json":{"title":"Kontakt - Loberia","description":"F\u00fcr alle Fragen und zus\u00e4tzlichen Informationen stehen wir Ihnen gerne zur Verf\u00fcgung.","robots":{"index":"index","follow":"follow","max-snippet":"max-snippet:-1","max-image-preview":"max-image-preview:large","max-video-preview":"max-video-preview:-1"},"canonical":"https:\/\/www.loberia.si\/de\/kontakt\/","og_locale":"de_DE","og_type":"article","og_title":"Kontakt - Loberia","og_description":"F\u00fcr alle Fragen und zus\u00e4tzlichen Informationen stehen wir Ihnen gerne zur Verf\u00fcgung.","og_url":"https:\/\/www.loberia.si\/de\/kontakt\/","og_site_name":"Loberia","article_modified_time":"2026-01-06T15:11:32+00:00","twitter_card":"summary_large_image","twitter_misc":{"Gesch\u00e4tzte Lesezeit":"1\u00a0Minute"},"schema":{"@context":"https:\/\/schema.org","@graph":[{"@type":"WebPage","@id":"https:\/\/www.loberia.si\/de\/kontakt\/","url":"https:\/\/www.loberia.si\/de\/kontakt\/","name":"Kontakt - Loberia","isPartOf":{"@id":"https:\/\/www.loberia.si\/#website"},"datePublished":"2015-11-17T05:09:58+00:00","dateModified":"2026-01-06T15:11:32+00:00","description":"F\u00fcr alle Fragen und zus\u00e4tzlichen Informationen stehen wir Ihnen gerne zur Verf\u00fcgung.","breadcrumb":{"@id":"https:\/\/www.loberia.si\/de\/kontakt\/#breadcrumb"},"inLanguage":"de","potentialAction":[{"@type":"ReadAction","target":["https:\/\/www.loberia.si\/de\/kontakt\/"]}]},{"@type":"BreadcrumbList","@id":"https:\/\/www.loberia.si\/de\/kontakt\/#breadcrumb","itemListElement":[{"@type":"ListItem","position":1,"name":"Home","item":"https:\/\/www.loberia.si\/de\/"},{"@type":"ListItem","position":2,"name":"Kontakt"}]},{"@type":"WebSite","@id":"https:\/\/www.loberia.si\/#website","url":"https:\/\/www.loberia.si\/","name":"Loberia","description":"","publisher":{"@id":"https:\/\/www.loberia.si\/#organization"},"potentialAction":[{"@type":"SearchAction","target":{"@type":"EntryPoint","urlTemplate":"https:\/\/www.loberia.si\/?s={search_term_string}"},"query-input":{"@type":"PropertyValueSpecification","valueRequired":true,"valueName":"search_term_string"}}],"inLanguage":"de"},{"@type":"Organization","@id":"https:\/\/www.loberia.si\/#organization","name":"Loberia d.o.o.","url":"https:\/\/www.loberia.si\/","logo":{"@type":"ImageObject","inLanguage":"de","@id":"https:\/\/www.loberia.si\/#\/schema\/logo\/image\/","url":"https:\/\/www.loberia.si\/wp-content\/uploads\/2020\/02\/logo-black.png","contentUrl":"https:\/\/www.loberia.si\/wp-content\/uploads\/2020\/02\/logo-black.png","width":218,"height":38,"caption":"Loberia d.o.o."},"image":{"@id":"https:\/\/www.loberia.si\/#\/schema\/logo\/image\/"}}]}},"_links":{"self":[{"href":"https:\/\/www.loberia.si\/de\/wp-json\/wp\/v2\/pages\/1617","targetHints":{"allow":["GET"]}}],"collection":[{"href":"https:\/\/www.loberia.si\/de\/wp-json\/wp\/v2\/pages"}],"about":[{"href":"https:\/\/www.loberia.si\/de\/wp-json\/wp\/v2\/types\/page"}],"author":[{"embeddable":true,"href":"https:\/\/www.loberia.si\/de\/wp-json\/wp\/v2\/users\/1"}],"replies":[{"embeddable":true,"href":"https:\/\/www.loberia.si\/de\/wp-json\/wp\/v2\/comments?post=1617"}],"version-history":[{"count":3,"href":"https:\/\/www.loberia.si\/de\/wp-json\/wp\/v2\/pages\/1617\/revisions"}],"predecessor-version":[{"id":1993,"href":"https:\/\/www.loberia.si\/de\/wp-json\/wp\/v2\/pages\/1617\/revisions\/1993"}],"wp:attachment":[{"href":"https:\/\/www.loberia.si\/de\/wp-json\/wp\/v2\/media?parent=1617"}],"curies":[{"name":"wp","href":"https:\/\/api.w.org\/{rel}","templated":true}]}}