{"id":1602,"date":"2020-01-09T15:26:01","date_gmt":"2020-01-09T14:26:01","guid":{"rendered":"https:\/\/www.loberia.si\/logisticno-poslovna-cona\/"},"modified":"2026-01-08T13:00:51","modified_gmt":"2026-01-08T12:00:51","slug":"logistik-und-gewerbezone","status":"publish","type":"page","link":"https:\/\/www.loberia.si\/de\/logistik-und-gewerbezone\/","title":{"rendered":"Logistik- und Gewerbezone"},"content":{"rendered":"<div class=\"wpb-content-wrapper\"><p>[vc_row css=&#8220;.vc_custom_1448604362911{margin-bottom: 100px !important;}&#8220;][vc_column offset=&#8220;vc_col-lg-12 vc_col-md-12&#8243;][vc_column_text css=&#8220;.vc_custom_1591711067451{margin-bottom: 30px !important;}&#8220;]<\/p>\n<h2>Pr\u00e4sentation<\/h2>\n<p>Das erste Geb\u00e4ude mit ca. 22.600 m2 wurde im Jahre 1975 errichtet und war von Anfang an f\u00fcr <strong>Lagerung und Logistik<\/strong> bestimmt. Wegen seiner regelm\u00e4\u00dfigen Modernisierung dient es noch immer demselben Zweck.<\/p>\n<p>Das zweite Geb\u00e4ude mit ca. 6.000 m2 stammt aus dem Jahre 2006 und ist f\u00fcr Logistik- und Vertriebst\u00e4tigkeiten bestimmt. Es umfasst ein Lager auf 5.300 m2 sowie B\u00fcror\u00e4ume auf 700 m2.<br \/>\nAuf dem zugeh\u00f6rigen Grundst\u00fcck stehen ausreichend <strong>Kfz-Stellpl\u00e4tze<\/strong> zur Verf\u00fcgung.<\/p>\n<p>Unsere Gesch\u00e4ftspartner sind <strong>gr\u00f6\u00dfere internationale Logistikunternehmen<\/strong>, Paketdienste sowie Handelsfirmen f\u00fcr Transportfahrzeuge, Holzprodukte und Halbfabrikate.<br \/>\nWir schlie\u00dfen lang- und kurzfristige Mietvertr\u00e4ge ab.<\/p>\n<p>[\/vc_column_text][vc_row_inner css=&#8220;.vc_custom_1767816925286{margin-bottom: 30px !important;}&#8220;][vc_column_inner width=&#8220;1\/2&#8243;][vc_single_image image=&#8220;1999&#8243; img_size=&#8220;full&#8220; onclick=&#8220;link_image&#8220; css=&#8220;&#8220;][\/vc_column_inner][vc_column_inner el_class=&#8220;top-mobile-40&#8243; width=&#8220;1\/2&#8243;][vc_single_image image=&#8220;2000&#8243; img_size=&#8220;full&#8220; onclick=&#8220;link_image&#8220; css=&#8220;&#8220;][\/vc_column_inner][\/vc_row_inner][vc_row_inner][vc_column_inner width=&#8220;1\/2&#8243;][vc_single_image image=&#8220;1472&#8243; img_size=&#8220;full&#8220; onclick=&#8220;link_image&#8220;][\/vc_column_inner][vc_column_inner el_class=&#8220;top-mobile-40&#8243; width=&#8220;1\/2&#8243;][vc_single_image image=&#8220;1475&#8243; img_size=&#8220;full&#8220; onclick=&#8220;link_image&#8220;][\/vc_column_inner][\/vc_row_inner][vc_row_inner css=&#8220;.vc_custom_1579347061257{margin-bottom: 30px !important;}&#8220;][vc_column_inner el_class=&#8220;top-mobile-40&#8243; width=&#8220;1\/2&#8243;][vc_column_text]<\/p>\n<h2 class=\"title\">Derzeit freie Kapazit\u00e4ten<\/h2>\n<p>[\/vc_column_text][vc_column_text]Die freien Lagerkapazit\u00e4ten, die gemietet werden k\u00f6nnen, werden auf unserer Website regelm\u00e4\u00dfig aktualisiert.<br \/>\nIn unserem Angebot finden Sie die technischen Grundeigenschaften des Lagers und des Geb\u00e4udeinneren.<\/p>\n<p><strong>Derzeit gibt es keine freie Kapazit\u00e4ten.<\/strong>[\/vc_column_text][\/vc_column_inner][vc_column_inner el_class=&#8220;top-mobile-40&#8243; width=&#8220;1\/2&#8243;][vc_column_text]<\/p>\n<h2 class=\"title\">Vermietung von Lager-, B\u00fcro- und anderen gewerblichen R\u00e4umen<\/h2>\n<p>[\/vc_column_text][vc_column_text css=&#8220;.vc_custom_1591711214583{margin-bottom: 30px !important;}&#8220;]<\/p>\n<ul class=\"style_3\">\n<li>Lager-, B\u00fcro- und andere gewerbliche R\u00e4ume.<\/li>\n<li>Au\u00dfenfl\u00e4chen.<\/li>\n<li>Be- und Entladerampen.<\/li>\n<li>Parkplatz.<\/li>\n<li>Hervorragender Standort.<\/li>\n<\/ul>\n<p>[\/vc_column_text][\/vc_column_inner][\/vc_row_inner][vc_row_inner][vc_column_inner][vc_single_image image=&#8220;1846&#8243; img_size=&#8220;full&#8220; onclick=&#8220;link_image&#8220; css=&#8220;&#8220;][\/vc_column_inner][\/vc_row_inner][\/vc_column][\/vc_row][vc_row full_width=&#8220;stretch_row&#8220; css=&#8220;.vc_custom_1581342796083{background-color: #d8d8d8 !important;}&#8220;][vc_column][stm_image_carousel img_size=&#8220;full&#8220; autoplay=&#8220;yes&#8220; timeout=&#8220;3500&#8243; loop=&#8220;yes&#8220; items_mobile=&#8220;2&#8243; images=&#8220;1359,1362,1371,1353,1374,1356,1368,1350,1526,1536&#8243;][\/vc_column][\/vc_row][vc_row full_width=&#8220;stretch_row&#8220; el_class=&#8220;secondary_bg_color&#8220; css=&#8220;.vc_custom_1447734480631{margin-bottom: 0px !important;}&#8220;][vc_column][vc_cta h2=&#8220;Vermietung von Lager-, B\u00fcro- und anderen gewerblichen R\u00e4umen&#8220; shape=&#8220;square&#8220; add_button=&#8220;right&#8220; btn_title=&#8220;Kontakt&#8220; btn_style=&#8220;outline&#8220; btn_shape=&#8220;round&#8220; btn_color=&#8220;white&#8220; btn_i_align=&#8220;right&#8220; btn_i_icon_fontawesome=&#8220;stm-arrow-next&#8220; btn_add_icon=&#8220;true&#8220; el_class=&#8220;secondary_bg_color&#8220; btn_link=&#8220;url:https%3A%2F%2Fwww.loberia.si%2Fde%2Fkontakt%2F|title:Kontakt||&#8220;][\/vc_cta][\/vc_column][\/vc_row]<\/p>\n<\/div>","protected":false},"excerpt":{"rendered":"<p>[vc_row css=&#8220;.vc_custom_1448604362911{margin-bottom: 100px !important;}&#8220;][vc_column offset=&#8220;vc_col-lg-12 vc_col-md-12&#8243;][vc_column_text css=&#8220;.vc_custom_1591711067451{margin-bottom: 30px !important;}&#8220;] Pr\u00e4sentation Das erste Geb\u00e4ude mit ca. 22.600 m2 wurde im Jahre 1975 errichtet und war von Anfang an f\u00fcr Lagerung und Logistik bestimmt. Wegen&#8230;<\/p>\n","protected":false},"author":1,"featured_media":0,"parent":0,"menu_order":0,"comment_status":"closed","ping_status":"closed","template":"","meta":{"footnotes":""},"class_list":["post-1602","page","type-page","status-publish","hentry"],"yoast_head":"<!-- This site is optimized with the Yoast SEO plugin v26.7 - https:\/\/yoast.com\/wordpress\/plugins\/seo\/ -->\n<title>Logistik- und Gewerbezone - Loberia<\/title>\n<meta name=\"description\" content=\"Unsere Gesch\u00e4ftspartner sind gr\u00f6\u00dfere internationale Logistikunternehmen. Wir schlie\u00dfen lang- und kurzfristige Mietvertr\u00e4ge ab.\" \/>\n<meta name=\"robots\" content=\"index, follow, max-snippet:-1, max-image-preview:large, max-video-preview:-1\" \/>\n<link rel=\"canonical\" href=\"https:\/\/www.loberia.si\/de\/logistik-und-gewerbezone\/\" \/>\n<meta property=\"og:locale\" content=\"de_DE\" \/>\n<meta property=\"og:type\" content=\"article\" \/>\n<meta property=\"og:title\" content=\"Logistik- und Gewerbezone - Loberia\" \/>\n<meta property=\"og:description\" content=\"Unsere Gesch\u00e4ftspartner sind gr\u00f6\u00dfere internationale Logistikunternehmen. Wir schlie\u00dfen lang- und kurzfristige Mietvertr\u00e4ge ab.\" \/>\n<meta property=\"og:url\" content=\"https:\/\/www.loberia.si\/de\/logistik-und-gewerbezone\/\" \/>\n<meta property=\"og:site_name\" content=\"Loberia\" \/>\n<meta property=\"article:modified_time\" content=\"2026-01-08T12:00:51+00:00\" \/>\n<meta name=\"twitter:card\" content=\"summary_large_image\" \/>\n<meta name=\"twitter:label1\" content=\"Gesch\u00e4tzte Lesezeit\" \/>\n\t<meta name=\"twitter:data1\" content=\"3\u00a0Minuten\" \/>\n<script type=\"application\/ld+json\" class=\"yoast-schema-graph\">{\"@context\":\"https:\/\/schema.org\",\"@graph\":[{\"@type\":\"WebPage\",\"@id\":\"https:\/\/www.loberia.si\/de\/logistik-und-gewerbezone\/\",\"url\":\"https:\/\/www.loberia.si\/de\/logistik-und-gewerbezone\/\",\"name\":\"Logistik- und Gewerbezone - Loberia\",\"isPartOf\":{\"@id\":\"https:\/\/www.loberia.si\/#website\"},\"datePublished\":\"2020-01-09T14:26:01+00:00\",\"dateModified\":\"2026-01-08T12:00:51+00:00\",\"description\":\"Unsere Gesch\u00e4ftspartner sind gr\u00f6\u00dfere internationale Logistikunternehmen. Wir schlie\u00dfen lang- und kurzfristige Mietvertr\u00e4ge ab.\",\"breadcrumb\":{\"@id\":\"https:\/\/www.loberia.si\/de\/logistik-und-gewerbezone\/#breadcrumb\"},\"inLanguage\":\"de\",\"potentialAction\":[{\"@type\":\"ReadAction\",\"target\":[\"https:\/\/www.loberia.si\/de\/logistik-und-gewerbezone\/\"]}]},{\"@type\":\"BreadcrumbList\",\"@id\":\"https:\/\/www.loberia.si\/de\/logistik-und-gewerbezone\/#breadcrumb\",\"itemListElement\":[{\"@type\":\"ListItem\",\"position\":1,\"name\":\"Home\",\"item\":\"https:\/\/www.loberia.si\/de\/\"},{\"@type\":\"ListItem\",\"position\":2,\"name\":\"Logistik- und Gewerbezone\"}]},{\"@type\":\"WebSite\",\"@id\":\"https:\/\/www.loberia.si\/#website\",\"url\":\"https:\/\/www.loberia.si\/\",\"name\":\"Loberia\",\"description\":\"\",\"publisher\":{\"@id\":\"https:\/\/www.loberia.si\/#organization\"},\"potentialAction\":[{\"@type\":\"SearchAction\",\"target\":{\"@type\":\"EntryPoint\",\"urlTemplate\":\"https:\/\/www.loberia.si\/?s={search_term_string}\"},\"query-input\":{\"@type\":\"PropertyValueSpecification\",\"valueRequired\":true,\"valueName\":\"search_term_string\"}}],\"inLanguage\":\"de\"},{\"@type\":\"Organization\",\"@id\":\"https:\/\/www.loberia.si\/#organization\",\"name\":\"Loberia d.o.o.\",\"url\":\"https:\/\/www.loberia.si\/\",\"logo\":{\"@type\":\"ImageObject\",\"inLanguage\":\"de\",\"@id\":\"https:\/\/www.loberia.si\/#\/schema\/logo\/image\/\",\"url\":\"https:\/\/www.loberia.si\/wp-content\/uploads\/2020\/02\/logo-black.png\",\"contentUrl\":\"https:\/\/www.loberia.si\/wp-content\/uploads\/2020\/02\/logo-black.png\",\"width\":218,\"height\":38,\"caption\":\"Loberia d.o.o.\"},\"image\":{\"@id\":\"https:\/\/www.loberia.si\/#\/schema\/logo\/image\/\"}}]}<\/script>\n<!-- \/ Yoast SEO plugin. -->","yoast_head_json":{"title":"Logistik- und Gewerbezone - Loberia","description":"Unsere Gesch\u00e4ftspartner sind gr\u00f6\u00dfere internationale Logistikunternehmen. Wir schlie\u00dfen lang- und kurzfristige Mietvertr\u00e4ge ab.","robots":{"index":"index","follow":"follow","max-snippet":"max-snippet:-1","max-image-preview":"max-image-preview:large","max-video-preview":"max-video-preview:-1"},"canonical":"https:\/\/www.loberia.si\/de\/logistik-und-gewerbezone\/","og_locale":"de_DE","og_type":"article","og_title":"Logistik- und Gewerbezone - Loberia","og_description":"Unsere Gesch\u00e4ftspartner sind gr\u00f6\u00dfere internationale Logistikunternehmen. Wir schlie\u00dfen lang- und kurzfristige Mietvertr\u00e4ge ab.","og_url":"https:\/\/www.loberia.si\/de\/logistik-und-gewerbezone\/","og_site_name":"Loberia","article_modified_time":"2026-01-08T12:00:51+00:00","twitter_card":"summary_large_image","twitter_misc":{"Gesch\u00e4tzte Lesezeit":"3\u00a0Minuten"},"schema":{"@context":"https:\/\/schema.org","@graph":[{"@type":"WebPage","@id":"https:\/\/www.loberia.si\/de\/logistik-und-gewerbezone\/","url":"https:\/\/www.loberia.si\/de\/logistik-und-gewerbezone\/","name":"Logistik- und Gewerbezone - Loberia","isPartOf":{"@id":"https:\/\/www.loberia.si\/#website"},"datePublished":"2020-01-09T14:26:01+00:00","dateModified":"2026-01-08T12:00:51+00:00","description":"Unsere Gesch\u00e4ftspartner sind gr\u00f6\u00dfere internationale Logistikunternehmen. Wir schlie\u00dfen lang- und kurzfristige Mietvertr\u00e4ge ab.","breadcrumb":{"@id":"https:\/\/www.loberia.si\/de\/logistik-und-gewerbezone\/#breadcrumb"},"inLanguage":"de","potentialAction":[{"@type":"ReadAction","target":["https:\/\/www.loberia.si\/de\/logistik-und-gewerbezone\/"]}]},{"@type":"BreadcrumbList","@id":"https:\/\/www.loberia.si\/de\/logistik-und-gewerbezone\/#breadcrumb","itemListElement":[{"@type":"ListItem","position":1,"name":"Home","item":"https:\/\/www.loberia.si\/de\/"},{"@type":"ListItem","position":2,"name":"Logistik- und Gewerbezone"}]},{"@type":"WebSite","@id":"https:\/\/www.loberia.si\/#website","url":"https:\/\/www.loberia.si\/","name":"Loberia","description":"","publisher":{"@id":"https:\/\/www.loberia.si\/#organization"},"potentialAction":[{"@type":"SearchAction","target":{"@type":"EntryPoint","urlTemplate":"https:\/\/www.loberia.si\/?s={search_term_string}"},"query-input":{"@type":"PropertyValueSpecification","valueRequired":true,"valueName":"search_term_string"}}],"inLanguage":"de"},{"@type":"Organization","@id":"https:\/\/www.loberia.si\/#organization","name":"Loberia d.o.o.","url":"https:\/\/www.loberia.si\/","logo":{"@type":"ImageObject","inLanguage":"de","@id":"https:\/\/www.loberia.si\/#\/schema\/logo\/image\/","url":"https:\/\/www.loberia.si\/wp-content\/uploads\/2020\/02\/logo-black.png","contentUrl":"https:\/\/www.loberia.si\/wp-content\/uploads\/2020\/02\/logo-black.png","width":218,"height":38,"caption":"Loberia d.o.o."},"image":{"@id":"https:\/\/www.loberia.si\/#\/schema\/logo\/image\/"}}]}},"_links":{"self":[{"href":"https:\/\/www.loberia.si\/de\/wp-json\/wp\/v2\/pages\/1602","targetHints":{"allow":["GET"]}}],"collection":[{"href":"https:\/\/www.loberia.si\/de\/wp-json\/wp\/v2\/pages"}],"about":[{"href":"https:\/\/www.loberia.si\/de\/wp-json\/wp\/v2\/types\/page"}],"author":[{"embeddable":true,"href":"https:\/\/www.loberia.si\/de\/wp-json\/wp\/v2\/users\/1"}],"replies":[{"embeddable":true,"href":"https:\/\/www.loberia.si\/de\/wp-json\/wp\/v2\/comments?post=1602"}],"version-history":[{"count":4,"href":"https:\/\/www.loberia.si\/de\/wp-json\/wp\/v2\/pages\/1602\/revisions"}],"predecessor-version":[{"id":2067,"href":"https:\/\/www.loberia.si\/de\/wp-json\/wp\/v2\/pages\/1602\/revisions\/2067"}],"wp:attachment":[{"href":"https:\/\/www.loberia.si\/de\/wp-json\/wp\/v2\/media?parent=1602"}],"curies":[{"name":"wp","href":"https:\/\/api.w.org\/{rel}","templated":true}]}}