{"id":1591,"date":"2015-11-17T04:19:36","date_gmt":"2015-11-17T04:19:36","guid":{"rendered":"https:\/\/www.loberia.si\/trgovsko-poslovni-center-loberia-vizmarje\/"},"modified":"2026-01-07T21:46:07","modified_gmt":"2026-01-07T20:46:07","slug":"einkaufs-und-businesszentrum-loberia-vizmarje","status":"publish","type":"page","link":"https:\/\/www.loberia.si\/de\/einkaufs-und-businesszentrum-loberia-vizmarje\/","title":{"rendered":"Einkaufs- und Businesszentrum Loberia \u2013 Vi\u017emarje"},"content":{"rendered":"<div class=\"wpb-content-wrapper\"><p>[vc_row css=&#8220;.vc_custom_1765371601461{margin-bottom: 60px !important;}&#8220;][vc_column offset=&#8220;vc_col-lg-12 vc_col-md-12&#8243;][vc_row_inner css=&#8220;.vc_custom_1448605934156{margin-bottom: 80px !important;}&#8220;][vc_column_inner width=&#8220;1\/2&#8243;][vc_column_text css=&#8220;.vc_custom_1767818274678{margin-bottom: 30px !important;}&#8220;]<\/p>\n<h2>Standort<\/h2>\n<p>Der Immobilienkomplex befindet sich an der Haupteinfallstra\u00dfe aus Richtung Kranj nach Ljubljana (Celov\u0161ka cesta) und in unmittelbarer N\u00e4he zum Autobahnring um Ljubljana (Autobahnanschluss \u0160entvid). So zeichnet er sich durch eine hervorragende Verkehrslage aus.[\/vc_column_text][\/vc_column_inner][vc_column_inner width=&#8220;1\/2&#8243;][vc_single_image image=&#8220;2026&#8243; img_size=&#8220;full&#8220; onclick=&#8220;link_image&#8220; css=&#8220;&#8220;][\/vc_column_inner][\/vc_row_inner][vc_row_inner css=&#8220;.vc_custom_1765370829292{margin-bottom: 30px !important;}&#8220;][vc_column_inner][vc_column_text css=&#8220;&#8220;]<\/p>\n<h2>Vorstellung des Zentrums<\/h2>\n<p>An diesem Standort befinden sich drei Geb\u00e4ude, die Teil eines Handels- und Gesch\u00e4ftszentrums sind.<\/p>\n<p><strong>Das erste Geb\u00e4ude<\/strong> mit einer Fl\u00e4che von 4.665 m2, Celov\u0161ka cesta 520 -&gt; Er\u00f6ffnung am 27.09.2023<\/p>\n<p><strong>Zweites Geb\u00e4ude<\/strong> mit einer Fl\u00e4che von 6.122 m2, Celov\u0161ka cesta 524 \u2013 Er\u00f6ffnung am 23.10.2025<\/p>\n<p><strong>Drittes Geb\u00e4ude<\/strong> mit einer Fl\u00e4che von 200 m2, Celov\u0161ka cesta 522 \u2013 Er\u00f6ffnung am 23.10.2025[\/vc_column_text][vc_column_text css=&#8220;&#8220;]<\/p>\n<ul class=\"style_3\">\n<li>300 Parkpl\u00e4tze f\u00fcr PKWs<\/li>\n<li>2 Parkpl\u00e4tze mit Elektro-Ladestation am Geb\u00e4ude 1<\/li>\n<li>2 Parkpl\u00e4tze mit Elektro-Ladestation am Geb\u00e4ude 2<\/li>\n<li>6 Fahrradstellpl\u00e4tze beim Hofer-Supermarkt<\/li>\n<li>10 \u00fcberdachte Fahrradstellpl\u00e4tze am Geb\u00e4ude 1<\/li>\n<li>16 \u00fcberdachte Fahrradstellpl\u00e4tze am Geb\u00e4ude 2<\/li>\n<li>Sanit\u00e4ranlagen f\u00fcr Besucher, auch mit dem Aufzug im ersten Stock des zweiten Geb\u00e4udes erreichbar<\/li>\n<\/ul>\n<p>[\/vc_column_text][\/vc_column_inner][\/vc_row_inner][\/vc_column][\/vc_row][vc_row css=&#8220;.vc_custom_1765371622202{margin-bottom: 30px !important;}&#8220;][vc_column][vc_column_text css=&#8220;&#8220;]<\/p>\n<h2>Erstes Objekt<\/h2>\n<p><strong>Handelsaktivit\u00e4t<\/strong>[\/vc_column_text][vc_row_inner equal_height=&#8220;yes&#8220; content_placement=&#8220;bottom&#8220; gap=&#8220;15&#8243; css=&#8220;.vc_custom_1765368137680{margin-bottom: 30px !important;}&#8220;][vc_column_inner width=&#8220;1\/4&#8243;][vc_single_image image=&#8220;2027&#8243; img_size=&#8220;90&#215;110&#8243; add_caption=&#8220;yes&#8220; alignment=&#8220;center&#8220; css=&#8220;&#8220; title=&#8220;HOFER&#8220;][\/vc_column_inner][vc_column_inner width=&#8220;1\/4&#8243;][vc_single_image image=&#8220;2028&#8243; img_size=&#8220;large&#8220; alignment=&#8220;center&#8220; css=&#8220;&#8220; title=&#8220;M\u00fcller&#8220;][\/vc_column_inner][vc_column_inner width=&#8220;1\/4&#8243;][vc_single_image image=&#8220;2029&#8243; img_size=&#8220;110&#215;100&#8243; alignment=&#8220;center&#8220; css=&#8220;&#8220; title=&#8220;TEDI&#8220;][\/vc_column_inner][vc_column_inner width=&#8220;1\/4&#8243;][vc_single_image image=&#8220;2030&#8243; img_size=&#8220;large&#8220; alignment=&#8220;center&#8220; css=&#8220;&#8220; title=&#8220;Pepco&#8220;][\/vc_column_inner][\/vc_row_inner][vc_row_inner][vc_column_inner width=&#8220;1\/2&#8243;][vc_single_image image=&#8220;1864&#8243; img_size=&#8220;full&#8220; onclick=&#8220;link_image&#8220; css=&#8220;&#8220;][\/vc_column_inner][vc_column_inner el_class=&#8220;top-mobile-40&#8243; width=&#8220;1\/2&#8243;][vc_single_image image=&#8220;1861&#8243; img_size=&#8220;full&#8220; onclick=&#8220;link_image&#8220; css=&#8220;&#8220;][\/vc_column_inner][\/vc_row_inner][vc_row_inner css=&#8220;.vc_custom_1739909161148{margin-top: 30px !important;}&#8220;][vc_column_inner width=&#8220;1\/2&#8243;][vc_single_image image=&#8220;1874&#8243; img_size=&#8220;full&#8220; onclick=&#8220;link_image&#8220; css=&#8220;&#8220;][\/vc_column_inner][vc_column_inner el_class=&#8220;top-mobile-40&#8243; width=&#8220;1\/2&#8243;][vc_single_image image=&#8220;1877&#8243; img_size=&#8220;full&#8220; onclick=&#8220;link_image&#8220; css=&#8220;&#8220;][\/vc_column_inner][\/vc_row_inner][\/vc_column][\/vc_row][vc_row css=&#8220;.vc_custom_1765371704481{margin-top: 60px !important;margin-bottom: 60px !important;}&#8220;][vc_column][vc_column_text css=&#8220;&#8220;]<\/p>\n<h2>Zweites Objekt<\/h2>\n<p><strong>Handelsaktivit\u00e4t<\/strong>[\/vc_column_text][vc_row_inner equal_height=&#8220;yes&#8220; content_placement=&#8220;bottom&#8220; gap=&#8220;15&#8243; css=&#8220;.vc_custom_1765368137680{margin-bottom: 30px !important;}&#8220;][vc_column_inner width=&#8220;1\/2&#8243;][vc_single_image image=&#8220;2031&#8243; img_size=&#8220;medium&#8220; add_caption=&#8220;yes&#8220; alignment=&#8220;center&#8220; css=&#8220;&#8220; title=&#8220;Jysk&#8220;][\/vc_column_inner][vc_column_inner width=&#8220;1\/2&#8243;][vc_single_image image=&#8220;2032&#8243; img_size=&#8220;large&#8220; alignment=&#8220;center&#8220; css=&#8220;&#8220; title=&#8220;Kalia&#8220;][\/vc_column_inner][\/vc_row_inner][vc_row_inner][vc_column_inner width=&#8220;1\/2&#8243;][vc_single_image image=&#8220;2033&#8243; img_size=&#8220;full&#8220; onclick=&#8220;link_image&#8220; css=&#8220;&#8220;][\/vc_column_inner][vc_column_inner el_class=&#8220;top-mobile-40&#8243; width=&#8220;1\/2&#8243;][vc_single_image image=&#8220;2034&#8243; img_size=&#8220;full&#8220; onclick=&#8220;link_image&#8220; css=&#8220;&#8220;][\/vc_column_inner][\/vc_row_inner][vc_row_inner css=&#8220;.vc_custom_1739909161148{margin-top: 30px !important;}&#8220;][vc_column_inner width=&#8220;1\/2&#8243;][vc_single_image image=&#8220;2035&#8243; img_size=&#8220;full&#8220; onclick=&#8220;link_image&#8220; css=&#8220;&#8220;][\/vc_column_inner][vc_column_inner el_class=&#8220;top-mobile-40&#8243; width=&#8220;1\/2&#8243;][vc_single_image image=&#8220;2036&#8243; img_size=&#8220;full&#8220; onclick=&#8220;link_image&#8220; css=&#8220;&#8220;][\/vc_column_inner][\/vc_row_inner][vc_column_text css=&#8220;.vc_custom_1767818694230{margin-top: 30px !important;}&#8220;]<strong>Dienstleistungen<\/strong>[\/vc_column_text][vc_row_inner equal_height=&#8220;yes&#8220; content_placement=&#8220;bottom&#8220; gap=&#8220;15&#8243; css=&#8220;.vc_custom_1765368137680{margin-bottom: 30px !important;}&#8220;][vc_column_inner width=&#8220;1\/2&#8243;][vc_single_image image=&#8220;2037&#8243; img_size=&#8220;medium&#8220; add_caption=&#8220;yes&#8220; alignment=&#8220;center&#8220; css=&#8220;&#8220; title=&#8220;Clever Fit&#8220;][\/vc_column_inner][vc_column_inner width=&#8220;1\/2&#8243;][vc_single_image image=&#8220;2038&#8243; img_size=&#8220;full&#8220; onclick=&#8220;link_image&#8220; css=&#8220;&#8220;][\/vc_column_inner][\/vc_row_inner][vc_row_inner][vc_column_inner width=&#8220;1\/2&#8243;][vc_single_image image=&#8220;2039&#8243; img_size=&#8220;full&#8220; onclick=&#8220;link_image&#8220; css=&#8220;&#8220;][\/vc_column_inner][vc_column_inner el_class=&#8220;top-mobile-40&#8243; width=&#8220;1\/2&#8243;][vc_single_image image=&#8220;2040&#8243; img_size=&#8220;full&#8220; onclick=&#8220;link_image&#8220; css=&#8220;&#8220;][\/vc_column_inner][\/vc_row_inner][\/vc_column][\/vc_row][vc_row css=&#8220;.vc_custom_1765370886272{margin-top: 30px !important;}&#8220;][vc_column][vc_column_text css=&#8220;&#8220;]<\/p>\n<h2>Drittes Objekt<\/h2>\n<p><strong>Restaurant<\/strong>[\/vc_column_text][vc_row_inner equal_height=&#8220;yes&#8220; content_placement=&#8220;bottom&#8220; gap=&#8220;15&#8243; css=&#8220;.vc_custom_1765368137680{margin-bottom: 30px !important;}&#8220;][vc_column_inner width=&#8220;1\/2&#8243;][vc_single_image image=&#8220;2041&#8243; img_size=&#8220;medium&#8220; add_caption=&#8220;yes&#8220; alignment=&#8220;center&#8220; css=&#8220;&#8220; title=&#8220;Scudetto&#8220;][\/vc_column_inner][vc_column_inner width=&#8220;1\/2&#8243;][vc_single_image image=&#8220;2042&#8243; img_size=&#8220;full&#8220; onclick=&#8220;link_image&#8220; css=&#8220;&#8220;][\/vc_column_inner][\/vc_row_inner][\/vc_column][\/vc_row][vc_row full_width=&#8220;stretch_row&#8220; el_class=&#8220;secondary_bg_color&#8220; css=&#8220;.vc_custom_1765313606449{margin-bottom: 0px !important;}&#8220; el_id=&#8220;nope&#8220;][vc_column][vc_cta h2=&#8220;V kolikor ste zainteresirani za sodelovanje kot najemojemalec vas vljudno vabimo, da nas kontaktirate in z veseljem vam bomo podrobneje predstavili na\u0161e na\u010drte.&#8220; shape=&#8220;square&#8220; add_button=&#8220;right&#8220; btn_title=&#8220;Kontakt&#8220; btn_style=&#8220;outline&#8220; btn_shape=&#8220;round&#8220; btn_color=&#8220;white&#8220; btn_i_align=&#8220;right&#8220; btn_i_icon_fontawesome=&#8220;stm-arrow-next&#8220; btn_add_icon=&#8220;true&#8220; el_class=&#8220;secondary_bg_color&#8220; btn_link=&#8220;url:https%3A%2F%2Fwww.loberia.si%2Fkontakt%2F|title:Kontakt||&#8220;][\/vc_cta][\/vc_column][\/vc_row]<\/p>\n<\/div>","protected":false},"excerpt":{"rendered":"<p>[vc_row css=&#8220;.vc_custom_1765371601461{margin-bottom: 60px !important;}&#8220;][vc_column offset=&#8220;vc_col-lg-12 vc_col-md-12&#8243;][vc_row_inner css=&#8220;.vc_custom_1448605934156{margin-bottom: 80px !important;}&#8220;][vc_column_inner width=&#8220;1\/2&#8243;][vc_column_text css=&#8220;.vc_custom_1767818274678{margin-bottom: 30px !important;}&#8220;] Standort Der Immobilienkomplex befindet sich an der Haupteinfallstra\u00dfe aus Richtung Kranj nach Ljubljana (Celov\u0161ka cesta) und in unmittelbarer N\u00e4he zum&#8230;<\/p>\n","protected":false},"author":1,"featured_media":0,"parent":0,"menu_order":0,"comment_status":"closed","ping_status":"closed","template":"","meta":{"footnotes":""},"class_list":["post-1591","page","type-page","status-publish","hentry"],"yoast_head":"<!-- This site is optimized with the Yoast SEO plugin v26.7 - https:\/\/yoast.com\/wordpress\/plugins\/seo\/ -->\n<title>Einkaufs- und Businesszentrum Loberia \u2013 Vi\u017emarje - Loberia<\/title>\n<meta name=\"description\" content=\"Der Immobilienkomplex befindet sich an der Haupteinfallstra\u00dfe aus Richtung Kranj nach Ljubljana (Celov\u0161ka cesta) und in unmittelbarer N\u00e4he zum Autobahnring um Ljubljana (Autobahnanschluss \u0160entvid)\" \/>\n<meta name=\"robots\" content=\"index, follow, max-snippet:-1, max-image-preview:large, max-video-preview:-1\" \/>\n<link rel=\"canonical\" href=\"https:\/\/www.loberia.si\/de\/einkaufs-und-businesszentrum-loberia-vizmarje\/\" \/>\n<meta property=\"og:locale\" content=\"de_DE\" \/>\n<meta property=\"og:type\" content=\"article\" \/>\n<meta property=\"og:title\" content=\"Einkaufs- und Businesszentrum Loberia \u2013 Vi\u017emarje - Loberia\" \/>\n<meta property=\"og:description\" content=\"Der Immobilienkomplex befindet sich an der Haupteinfallstra\u00dfe aus Richtung Kranj nach Ljubljana (Celov\u0161ka cesta) und in unmittelbarer N\u00e4he zum Autobahnring um Ljubljana (Autobahnanschluss \u0160entvid)\" \/>\n<meta property=\"og:url\" content=\"https:\/\/www.loberia.si\/de\/einkaufs-und-businesszentrum-loberia-vizmarje\/\" \/>\n<meta property=\"og:site_name\" content=\"Loberia\" \/>\n<meta property=\"article:modified_time\" content=\"2026-01-07T20:46:07+00:00\" \/>\n<meta name=\"twitter:card\" content=\"summary_large_image\" \/>\n<meta name=\"twitter:label1\" content=\"Gesch\u00e4tzte Lesezeit\" \/>\n\t<meta name=\"twitter:data1\" content=\"6\u00a0Minuten\" \/>\n<script type=\"application\/ld+json\" class=\"yoast-schema-graph\">{\"@context\":\"https:\/\/schema.org\",\"@graph\":[{\"@type\":\"WebPage\",\"@id\":\"https:\/\/www.loberia.si\/de\/einkaufs-und-businesszentrum-loberia-vizmarje\/\",\"url\":\"https:\/\/www.loberia.si\/de\/einkaufs-und-businesszentrum-loberia-vizmarje\/\",\"name\":\"Einkaufs- und Businesszentrum Loberia \u2013 Vi\u017emarje - Loberia\",\"isPartOf\":{\"@id\":\"https:\/\/www.loberia.si\/#website\"},\"datePublished\":\"2015-11-17T04:19:36+00:00\",\"dateModified\":\"2026-01-07T20:46:07+00:00\",\"description\":\"Der Immobilienkomplex befindet sich an der Haupteinfallstra\u00dfe aus Richtung Kranj nach Ljubljana (Celov\u0161ka cesta) und in unmittelbarer N\u00e4he zum Autobahnring um Ljubljana (Autobahnanschluss \u0160entvid)\",\"breadcrumb\":{\"@id\":\"https:\/\/www.loberia.si\/de\/einkaufs-und-businesszentrum-loberia-vizmarje\/#breadcrumb\"},\"inLanguage\":\"de\",\"potentialAction\":[{\"@type\":\"ReadAction\",\"target\":[\"https:\/\/www.loberia.si\/de\/einkaufs-und-businesszentrum-loberia-vizmarje\/\"]}]},{\"@type\":\"BreadcrumbList\",\"@id\":\"https:\/\/www.loberia.si\/de\/einkaufs-und-businesszentrum-loberia-vizmarje\/#breadcrumb\",\"itemListElement\":[{\"@type\":\"ListItem\",\"position\":1,\"name\":\"Home\",\"item\":\"https:\/\/www.loberia.si\/de\/\"},{\"@type\":\"ListItem\",\"position\":2,\"name\":\"Einkaufs- und Businesszentrum Loberia \u2013 Vi\u017emarje\"}]},{\"@type\":\"WebSite\",\"@id\":\"https:\/\/www.loberia.si\/#website\",\"url\":\"https:\/\/www.loberia.si\/\",\"name\":\"Loberia\",\"description\":\"\",\"publisher\":{\"@id\":\"https:\/\/www.loberia.si\/#organization\"},\"potentialAction\":[{\"@type\":\"SearchAction\",\"target\":{\"@type\":\"EntryPoint\",\"urlTemplate\":\"https:\/\/www.loberia.si\/?s={search_term_string}\"},\"query-input\":{\"@type\":\"PropertyValueSpecification\",\"valueRequired\":true,\"valueName\":\"search_term_string\"}}],\"inLanguage\":\"de\"},{\"@type\":\"Organization\",\"@id\":\"https:\/\/www.loberia.si\/#organization\",\"name\":\"Loberia d.o.o.\",\"url\":\"https:\/\/www.loberia.si\/\",\"logo\":{\"@type\":\"ImageObject\",\"inLanguage\":\"de\",\"@id\":\"https:\/\/www.loberia.si\/#\/schema\/logo\/image\/\",\"url\":\"https:\/\/www.loberia.si\/wp-content\/uploads\/2020\/02\/logo-black.png\",\"contentUrl\":\"https:\/\/www.loberia.si\/wp-content\/uploads\/2020\/02\/logo-black.png\",\"width\":218,\"height\":38,\"caption\":\"Loberia d.o.o.\"},\"image\":{\"@id\":\"https:\/\/www.loberia.si\/#\/schema\/logo\/image\/\"}}]}<\/script>\n<!-- \/ Yoast SEO plugin. -->","yoast_head_json":{"title":"Einkaufs- und Businesszentrum Loberia \u2013 Vi\u017emarje - Loberia","description":"Der Immobilienkomplex befindet sich an der Haupteinfallstra\u00dfe aus Richtung Kranj nach Ljubljana (Celov\u0161ka cesta) und in unmittelbarer N\u00e4he zum Autobahnring um Ljubljana (Autobahnanschluss \u0160entvid)","robots":{"index":"index","follow":"follow","max-snippet":"max-snippet:-1","max-image-preview":"max-image-preview:large","max-video-preview":"max-video-preview:-1"},"canonical":"https:\/\/www.loberia.si\/de\/einkaufs-und-businesszentrum-loberia-vizmarje\/","og_locale":"de_DE","og_type":"article","og_title":"Einkaufs- und Businesszentrum Loberia \u2013 Vi\u017emarje - Loberia","og_description":"Der Immobilienkomplex befindet sich an der Haupteinfallstra\u00dfe aus Richtung Kranj nach Ljubljana (Celov\u0161ka cesta) und in unmittelbarer N\u00e4he zum Autobahnring um Ljubljana (Autobahnanschluss \u0160entvid)","og_url":"https:\/\/www.loberia.si\/de\/einkaufs-und-businesszentrum-loberia-vizmarje\/","og_site_name":"Loberia","article_modified_time":"2026-01-07T20:46:07+00:00","twitter_card":"summary_large_image","twitter_misc":{"Gesch\u00e4tzte Lesezeit":"6\u00a0Minuten"},"schema":{"@context":"https:\/\/schema.org","@graph":[{"@type":"WebPage","@id":"https:\/\/www.loberia.si\/de\/einkaufs-und-businesszentrum-loberia-vizmarje\/","url":"https:\/\/www.loberia.si\/de\/einkaufs-und-businesszentrum-loberia-vizmarje\/","name":"Einkaufs- und Businesszentrum Loberia \u2013 Vi\u017emarje - Loberia","isPartOf":{"@id":"https:\/\/www.loberia.si\/#website"},"datePublished":"2015-11-17T04:19:36+00:00","dateModified":"2026-01-07T20:46:07+00:00","description":"Der Immobilienkomplex befindet sich an der Haupteinfallstra\u00dfe aus Richtung Kranj nach Ljubljana (Celov\u0161ka cesta) und in unmittelbarer N\u00e4he zum Autobahnring um Ljubljana (Autobahnanschluss \u0160entvid)","breadcrumb":{"@id":"https:\/\/www.loberia.si\/de\/einkaufs-und-businesszentrum-loberia-vizmarje\/#breadcrumb"},"inLanguage":"de","potentialAction":[{"@type":"ReadAction","target":["https:\/\/www.loberia.si\/de\/einkaufs-und-businesszentrum-loberia-vizmarje\/"]}]},{"@type":"BreadcrumbList","@id":"https:\/\/www.loberia.si\/de\/einkaufs-und-businesszentrum-loberia-vizmarje\/#breadcrumb","itemListElement":[{"@type":"ListItem","position":1,"name":"Home","item":"https:\/\/www.loberia.si\/de\/"},{"@type":"ListItem","position":2,"name":"Einkaufs- und Businesszentrum Loberia \u2013 Vi\u017emarje"}]},{"@type":"WebSite","@id":"https:\/\/www.loberia.si\/#website","url":"https:\/\/www.loberia.si\/","name":"Loberia","description":"","publisher":{"@id":"https:\/\/www.loberia.si\/#organization"},"potentialAction":[{"@type":"SearchAction","target":{"@type":"EntryPoint","urlTemplate":"https:\/\/www.loberia.si\/?s={search_term_string}"},"query-input":{"@type":"PropertyValueSpecification","valueRequired":true,"valueName":"search_term_string"}}],"inLanguage":"de"},{"@type":"Organization","@id":"https:\/\/www.loberia.si\/#organization","name":"Loberia d.o.o.","url":"https:\/\/www.loberia.si\/","logo":{"@type":"ImageObject","inLanguage":"de","@id":"https:\/\/www.loberia.si\/#\/schema\/logo\/image\/","url":"https:\/\/www.loberia.si\/wp-content\/uploads\/2020\/02\/logo-black.png","contentUrl":"https:\/\/www.loberia.si\/wp-content\/uploads\/2020\/02\/logo-black.png","width":218,"height":38,"caption":"Loberia d.o.o."},"image":{"@id":"https:\/\/www.loberia.si\/#\/schema\/logo\/image\/"}}]}},"_links":{"self":[{"href":"https:\/\/www.loberia.si\/de\/wp-json\/wp\/v2\/pages\/1591","targetHints":{"allow":["GET"]}}],"collection":[{"href":"https:\/\/www.loberia.si\/de\/wp-json\/wp\/v2\/pages"}],"about":[{"href":"https:\/\/www.loberia.si\/de\/wp-json\/wp\/v2\/types\/page"}],"author":[{"embeddable":true,"href":"https:\/\/www.loberia.si\/de\/wp-json\/wp\/v2\/users\/1"}],"replies":[{"embeddable":true,"href":"https:\/\/www.loberia.si\/de\/wp-json\/wp\/v2\/comments?post=1591"}],"version-history":[{"count":3,"href":"https:\/\/www.loberia.si\/de\/wp-json\/wp\/v2\/pages\/1591\/revisions"}],"predecessor-version":[{"id":2049,"href":"https:\/\/www.loberia.si\/de\/wp-json\/wp\/v2\/pages\/1591\/revisions\/2049"}],"wp:attachment":[{"href":"https:\/\/www.loberia.si\/de\/wp-json\/wp\/v2\/media?parent=1591"}],"curies":[{"name":"wp","href":"https:\/\/api.w.org\/{rel}","templated":true}]}}